{"id":13736,"date":"2022-08-24T15:12:07","date_gmt":"2022-08-24T22:12:07","guid":{"rendered":"https:\/\/peartreecanada.com\/privacy-policy\/"},"modified":"2024-12-06T12:49:44","modified_gmt":"2024-12-06T20:49:44","slug":"politique-de-confidentialite","status":"publish","type":"page","link":"https:\/\/peartreecanada.com\/fr\/politique-de-confidentialite\/","title":{"rendered":"Politique de confidentialit\u00e9"},"content":{"rendered":"\n<div class=\"page-hero alignfull\" id=\"block_d0c1091a9681ecb609408fcd5e5be7ee\" style=\"background-image: url('https:\/\/peartreecanada.com\/wp-content\/uploads\/2022\/09\/philanthropy-hero-scaled.jpg');\"\n\t\t>\n\t<div class=\"container\">\n\t\t<div class=\"page-hero-inner\" data-animation>\n\t\t\t\n\t\t\t\t\t\t<h1>Politique de confidentialit\u00e9 <\/h1>\n\t\t\t\n\t\t\t\n\t\t\t\t\t\t\t\t<\/div>\n\t<\/div>\n<\/div>\n\n\n\n<div class=\"section-spacing alignfull\" id=\"block_819f23bd77ff8174df158a4a6dacdb54\" data-size=\"1\"><\/div>\n\n\n\n<p><\/p>\n\n\n\n<h2 class=\"wp-block-heading\">Introduction&nbsp;<\/h2>\n\n\n\n<p>PearTree Financial Services Ltd. et sa filiale en propri\u00e9t\u00e9 exclusive PearTree Securities Inc. (collectivement, \u00ab\u00a0PearTree\u00a0\u00bb, \u00ab\u00a0nous\u00a0\u00bb, \u00ab\u00a0notre\u00a0\u00bb et \u00ab\u00a0nos\u00a0\u00bb) s\u2019engagent \u00e0 prot\u00e9ger le caract\u00e8re priv\u00e9 et confidentiel des renseignements personnels des personnes avec qui elles font affaire, conform\u00e9ment aux lois applicables sur la confidentialit\u00e9. PearTree a \u00e9labor\u00e9 cette politique de confidentialit\u00e9 pour d\u00e9finir les r\u00e8gles encadrant la collecte, l\u2019utilisation, la tenue, la protection et la communication des renseignements personnels.<\/p>\n\n\n\n<h2 class=\"wp-block-heading\">Collecte et utilisation des renseignements personnels<\/h2>\n\n\n\n<p>PearTree ne recueillera de renseignements personnels qu\u2019aux fins \u00e9num\u00e9r\u00e9es ci-dessous ou dans la mesure permise ou exig\u00e9e par les lois sur la confidentialit\u00e9. Le terme \u00ab&nbsp;renseignements personnels&nbsp;\u00bb d\u00e9signe toute information \u00e0 votre sujet (ou au sujet de toute autre personne identifiable), ce qui inclut tout renseignement permettant de vous identifier ou d\u2019identifier une autre personne pr\u00e9cis\u00e9ment. Les renseignements personnels que nous recueillons peuvent comprendre vos nom, adresse, num\u00e9ro de t\u00e9l\u00e9phone, num\u00e9ro d\u2019assurance sociale, date de naissance et profession, des renseignements relatifs \u00e0 votre conjoint, \u00e0 votre emploi et \u00e0 votre institution financi\u00e8re, ainsi que l\u2019estimation de votre revenu familial et de votre valeur nette. Dans le cadre des services fournis, il est possible que nous recueillions d\u2019autres types de renseignements, tels que des documents fiscaux et autres, n\u00e9cessaires pour \u00e9tayer des r\u00e9clamations ou des demandes de divers types de paiements et d\u2019avantages. Nous pouvons \u00e9galement recueillir des pi\u00e8ces d\u2019identit\u00e9, telles qu\u2019un passeport ou un permis de conduire valide.<\/p>\n\n\n\n<p>\u00c0 l\u2019heure actuelle, PearTree recueille les renseignements personnels aupr\u00e8s de chaque client aux fins suivantes&nbsp;:<\/p>\n\n\n\n<ul class=\"wp-block-list\">\n<li>pour se conformer aux exigences relatives \u00e0 la connaissance du client et \u00e0 la lutte contre le blanchiment d\u2019argent, notamment par la collecte, l\u2019utilisation et la communication de ces renseignements (notamment aux autorit\u00e9s de r\u00e9glementation ou aux personnes autoris\u00e9es);<\/li>\n\n\n\n<li>pour pr\u00e9parer les rapports destin\u00e9s \u00e0 la client\u00e8le, tels que les avis d\u2019ex\u00e9cution, les feuillets fiscaux et les relev\u00e9s de compte;<\/li>\n\n\n\n<li>pour \u00e9valuer l\u2019admissibilit\u00e9 d\u2019un client \u00e0 un placement, conform\u00e9ment \u00e0 certaines dispenses pour op\u00e9ration;<\/li>\n\n\n\n<li>pour \u00e9valuer la convenance des placements pour un client;<\/li>\n\n\n\n<li>pour communiquer des renseignements personnels \u00e0 de tierces parties, comme des comptables ou des conseillers juridiques, afin de coordonner l\u2019achat ou la vente de titres;<\/li>\n\n\n\n<li>pour tenir des registres afin de r\u00e9pondre \u00e0 des obligations contractuelles ou r\u00e9glementaires;<\/li>\n\n\n\n<li>pour rendre des comptes aux autorit\u00e9s de r\u00e9glementation ou aux agences gouvernementales, selon les besoins, afin de se conformer aux exigences pr\u00e9vues par les lois ou la r\u00e9glementation applicables;<\/li>\n\n\n\n<li>\u00e0 toute autre fin \u00e0 laquelle le client a pu consentir dans le cadre d\u2019un produit ou d\u2019un service de PearTree.<\/li>\n<\/ul>\n\n\n\n<p>Les renseignements proviennent soit directement de vous ou de vos conseillers, courtiers ou agents. Ils peuvent aussi nous \u00eatre communiqu\u00e9s par d\u2019autres parties \u00e0 une transaction ou par leurs conseillers, courtiers ou agents.&nbsp;<\/p>\n\n\n\n<p>Conform\u00e9ment aux r\u00e8gles et r\u00e8glements du Centre d\u2019analyse des op\u00e9rations et d\u00e9clarations financi\u00e8res du Canada (CANAFE) ou d\u2019autres autorit\u00e9s de r\u00e9glementation ou agences gouvernementales, PearTree peut, dans le but de vous identifier ou d\u2019effectuer d\u2019autres v\u00e9rifications de conformit\u00e9, v\u00e9rifier les informations que vous nous fournissez en se r\u00e9f\u00e9rant \u00e0 un produit d\u2019identification ind\u00e9pendant et fiable d\u00e9tenu par une agence d\u2019\u00e9valuation du cr\u00e9dit. Plus pr\u00e9cis\u00e9ment, PearTree peut faire appel \u00e0 des fournisseurs de services de contr\u00f4le diligent tels que CanChek pour la v\u00e9rification de la conformit\u00e9, et aux solutions d\u2019identification d\u2019Equifax Canada, pour confirmer votre identit\u00e9 si vous n\u2019\u00eates pas physiquement pr\u00e9sent lors de l\u2019ouverture de votre compte.<\/p>\n\n\n\n<p>Enfin, PearTree recueille et utilise vos renseignements personnels dans le but de vous envoyer, par Internet, par la poste, par courriel ou autrement, des communications contenant de l\u2019information g\u00e9n\u00e9rale sur les march\u00e9s, des mises \u00e0 jour sur notre secteur d\u2019activit\u00e9s, des invitations et des occasions de participer aux offres de PearTree.<\/p>\n\n\n\n<h2 class=\"wp-block-heading\">Protection et conservation des renseignements personnels <\/h2>\n\n\n\n<p>\u00c0 PearTree, nous prot\u00e9geons les renseignements sur les clients \u00e0 l\u2019aide de m\u00e9canismes de contr\u00f4le et de mesures de protection selon le caract\u00e8re sensible de l\u2019information. Nous mettons en \u0153uvre des mesures de s\u00e9curit\u00e9 pour prot\u00e9ger les renseignements personnels contre la perte ou le vol, ainsi que l\u2019acc\u00e8s, la divulgation, la copie, l\u2019utilisation ou la modification sans autorisation.<\/p>\n\n\n\n<p>Nous conserverons vos renseignements personnels aussi longtemps que n\u00e9cessaire ou pertinent aux fins \u00e9nonc\u00e9es ci-dessus ou aux fins de conformit\u00e9 avec la loi.<\/p>\n\n\n\n<h2 class=\"wp-block-heading\">Consentement<\/h2>\n\n\n\n<p>Toute personne qui effectue des op\u00e9rations sur titres par l\u2019interm\u00e9diaire de PearTree est r\u00e9put\u00e9e consentir \u00e0 ce que cette derni\u00e8re recueille, utilise, communique et conserve les renseignements personnels \u00e0 son sujet de fa\u00e7on raisonnable dans le but de fournir ces services et de s\u2019acquitter des obligations r\u00e9glementaires et des responsabilit\u00e9s contractuelles qui incombent \u00e0 la soci\u00e9t\u00e9.<\/p>\n\n\n\n<p>PearTree consid\u00e8re qu\u2019une personne consent \u00e0 la collecte, \u00e0 l\u2019utilisation, \u00e0 la communication et \u00e0 la conservation de ses renseignements personnels lorsqu\u2019elle les fournit volontairement (ou par l\u2019interm\u00e9diaire d\u2019un agent autoris\u00e9) en remplissant un formulaire de demande d\u2019ouverture de compte, un formulaire de renseignements sur l\u2019investisseur ou tout document de souscription.<\/p>\n\n\n\n<p>Un client peut retirer son consentement \u00e0 l\u2019utilisation ou \u00e0 la communication de ses renseignements personnels en tout temps en communiquant avec PearTree et en pr\u00e9cisant les renseignements personnels qu\u2019elle souhaite exclure. Cette d\u00e9marche est toutefois soumise \u00e0 des restrictions l\u00e9gales ou contractuelles et \u00e0 un pr\u00e9avis raisonnable. De plus, le retrait du consentement peut nuire \u00e0 la capacit\u00e9 de PearTree \u00e0 continuer de faire affaire avec le client.<\/p>\n\n\n\n<h2 class=\"wp-block-heading\">\u00c9change de renseignements avec des fournisseurs de services et d\u2019autres tierces parties<\/h2>\n\n\n\n<p>Dans le cadre de la participation \u00e0 une transaction, des renseignements personnels peuvent \u00eatre inscrits aux registres de transactions et \u00eatre communiqu\u00e9s directement ou indirectement&nbsp;: a)&nbsp;aux bourses ou aux autorit\u00e9s de r\u00e9glementation des valeurs mobili\u00e8res; b)&nbsp;au registraire et \u00e0 l\u2019agent de transfert applicables; c)&nbsp;\u00e0 l\u2019Agence du revenu du Canada; et d)&nbsp;\u00e0 toute autre partie \u00e0 la transaction. PearTree pourrait avoir l\u2019obligation l\u00e9gale de communiquer des renseignements personnels aux autorit\u00e9s fiscales, aux autorit\u00e9s de r\u00e9glementation ou \u00e0 d\u2019autres agences gouvernementales.<\/p>\n\n\n\n<p>Dans certaines circonstances, par exemple lorsque la fourniture d\u2019un service l\u2019exige et que le client a donn\u00e9 son consentement (si n\u00e9cessaire), PearTree peut communiquer des renseignements personnels aux \u00e9metteurs des titres achet\u00e9s par les clients (et aux parties li\u00e9es \u00e0 ces \u00e9metteurs), ainsi qu\u2019\u00e0 des fournisseurs de services financiers, tels que les banques et autres parties au financement ou \u00e0 la facilitation des transactions effectu\u00e9es par PearTree.<\/p>\n\n\n\n<p>Dans certains cas, PearTree peut conclure des ententes avec des fournisseurs de services concernant le traitement de renseignements personnels (y compris leur stockage) tout en conservant la responsabilit\u00e9 l\u00e9gale quant \u00e0 la confidentialit\u00e9 de ces renseignements. Dans les autres cas, PearTree ne fournira de renseignements personnels \u00e0 de tierces parties qu\u2019apr\u00e8s avoir obtenu le consentement de la personne concern\u00e9e ou que si la communication des renseignements est permise ou obligatoire en vertu des lois sur la confidentialit\u00e9.<\/p>\n\n\n\n<p>PearTree ne mettra aucun renseignement personnel \u00e0 la disposition de tierces parties, de quelque mani\u00e8re que ce soit, \u00e0 des fins non autoris\u00e9es telles que la publicit\u00e9 ou toute autre forme de sollicitation.<\/p>\n\n\n\n<p>De plus, lorsque vous consultez ou utilisez notre site Web, nous pouvons recueillir certains renseignements non personnels de fa\u00e7on anonyme et agr\u00e9g\u00e9e, sans qu\u2019il soit possible de remonter jusqu\u2019\u00e0 vous. Plus pr\u00e9cis\u00e9ment, nous nous associons \u00e0 Google Analytics pour \u00e9valuer l\u2019utilisation de notre site Web afin de nous aider \u00e0 am\u00e9liorer nos services, \u00e0 optimiser le fonctionnement et \u00e0 rehausser l\u2019exp\u00e9rience utilisateur. Les fournisseurs de services d\u2019analyse peuvent utiliser des t\u00e9moins et d\u2019autres technologies pour fournir leurs services et regrouper les renseignements qu\u2019ils recueillent sur le site Web avec d\u2019autres renseignements. La pr\u00e9sente politique de confidentialit\u00e9 ne couvre pas la collecte, l\u2019utilisation et la communication des donn\u00e9es de suivi recueillies par de tiers fournisseurs de services d\u2019analyse. Pour obtenir de plus amples renseignements \u00e0 ce sujet, veuillez consulter la politique de confidentialit\u00e9 du fournisseur en question.<\/p>\n\n\n\n<h2 class=\"wp-block-heading\">Pour toute question concernant le respect de votre vie priv\u00e9e <\/h2>\n\n\n\n<p>Si vous souhaitez consulter ou mettre \u00e0 jour les renseignements personnels qui figurent dans les dossiers de PearTree ou si vous avez des questions sur la pr\u00e9sente politique de confidentialit\u00e9, veuillez pr\u00e9senter votre demande par \u00e9crit \u00e0 l\u2019adresse suivante\u00a0: Responsable de la conformit\u00e9, PearTree Financial Services Ltd., 110, av. Eglinton Ouest, Bureau\u00a0400, Toronto (Ontario) M4R 1A3<\/p>\n\n\n\n<h2 class=\"wp-block-heading\">Modifications \u00e0 la pr\u00e9sente politique de confidentialit\u00e9<\/h2>\n\n\n\n<p>Toute modification apport\u00e9e \u00e0 la pr\u00e9sente politique de confidentialit\u00e9 sera publi\u00e9e sur notre site Web, accompagn\u00e9e de la date d\u2019entr\u00e9e en vigueur. Nous vous recommandons de consulter la politique r\u00e9guli\u00e8rement.\u00a0<\/p>\n\n\n\n<p>La derni\u00e8re mise \u00e0 jour de la pr\u00e9sente politique de confidentialit\u00e9 remonte \u00e0 octobre 2024.<\/p>\n\n\n\n<div class=\"section-spacing alignfull\" id=\"block_819f23bd77ff8174df158a4a6dacdb54\" data-size=\"1\"><\/div>\n","protected":false},"excerpt":{"rendered":"<p>Introduction&nbsp; PearTree Financial Services Ltd. et sa filiale en propri\u00e9t\u00e9 exclusive PearTree Securities Inc. (collectivement, \u00ab\u00a0PearTree\u00a0\u00bb, \u00ab\u00a0nous\u00a0\u00bb, \u00ab\u00a0notre\u00a0\u00bb et \u00ab\u00a0nos\u00a0\u00bb) s\u2019engagent \u00e0 prot\u00e9ger le caract\u00e8re priv\u00e9 et confidentiel des renseignements personnels des personnes avec qui elles font affaire, conform\u00e9ment aux lois applicables sur la confidentialit\u00e9. PearTree a \u00e9labor\u00e9 cette politique de confidentialit\u00e9 pour d\u00e9finir les [&hellip;]<\/p>\n","protected":false},"author":1,"featured_media":0,"parent":0,"menu_order":0,"comment_status":"closed","ping_status":"closed","template":"page-empty.php","meta":{"_acf_changed":false,"footnotes":""},"class_list":["post-13736","page","type-page","status-publish","hentry"],"acf":[],"yoast_head":"<!-- This site is optimized with the Yoast SEO plugin v27.2 - https:\/\/yoast.com\/product\/yoast-seo-wordpress\/ -->\n<title>Politique de confidentialit\u00e9 | PearTree Canada<\/title>\n<meta name=\"description\" content=\"PearTree Canada respects your privacy as a user of our website. See what personal information we collect, how we use that information, &amp; our legal basis for doing so.\" \/>\n<meta name=\"robots\" content=\"index, follow, max-snippet:-1, max-image-preview:large, max-video-preview:-1\" \/>\n<link rel=\"canonical\" href=\"https:\/\/peartreecanada.com\/fr\/politique-de-confidentialite\/\" \/>\n<meta property=\"og:locale\" content=\"fr_FR\" \/>\n<meta property=\"og:type\" content=\"article\" \/>\n<meta property=\"og:title\" content=\"Politique de confidentialit\u00e9 | PearTree Canada\" \/>\n<meta property=\"og:description\" content=\"PearTree Canada respects your privacy as a user of our website. See what personal information we collect, how we use that information, &amp; our legal basis for doing so.\" \/>\n<meta property=\"og:url\" content=\"https:\/\/peartreecanada.com\/fr\/politique-de-confidentialite\/\" \/>\n<meta property=\"og:site_name\" content=\"PearTree\" \/>\n<meta property=\"article:modified_time\" content=\"2024-12-06T20:49:44+00:00\" \/>\n<meta name=\"twitter:card\" content=\"summary_large_image\" \/>\n<script type=\"application\/ld+json\" class=\"yoast-schema-graph\">{\"@context\":\"https:\/\/schema.org\",\"@graph\":[{\"@type\":\"WebPage\",\"@id\":\"https:\/\/peartreecanada.com\/fr\/politique-de-confidentialite\/\",\"url\":\"https:\/\/peartreecanada.com\/fr\/politique-de-confidentialite\/\",\"name\":\"Politique de confidentialit\u00e9 | PearTree Canada\",\"isPartOf\":{\"@id\":\"https:\/\/peartreecanada.com\/fr\/#website\"},\"datePublished\":\"2022-08-24T22:12:07+00:00\",\"dateModified\":\"2024-12-06T20:49:44+00:00\",\"description\":\"PearTree Canada respects your privacy as a user of our website. See what personal information we collect, how we use that information, & our legal basis for doing so.\",\"breadcrumb\":{\"@id\":\"https:\/\/peartreecanada.com\/fr\/politique-de-confidentialite\/#breadcrumb\"},\"inLanguage\":\"fr-FR\",\"potentialAction\":[{\"@type\":\"ReadAction\",\"target\":[\"https:\/\/peartreecanada.com\/fr\/politique-de-confidentialite\/\"]}]},{\"@type\":\"BreadcrumbList\",\"@id\":\"https:\/\/peartreecanada.com\/fr\/politique-de-confidentialite\/#breadcrumb\",\"itemListElement\":[{\"@type\":\"ListItem\",\"position\":1,\"name\":\"Home\",\"item\":\"https:\/\/peartreecanada.com\/fr\/\"},{\"@type\":\"ListItem\",\"position\":2,\"name\":\"Politique de confidentialit\u00e9\"}]},{\"@type\":\"WebSite\",\"@id\":\"https:\/\/peartreecanada.com\/fr\/#website\",\"url\":\"https:\/\/peartreecanada.com\/fr\/\",\"name\":\"PearTree\",\"description\":\"\",\"publisher\":{\"@id\":\"https:\/\/peartreecanada.com\/fr\/#organization\"},\"potentialAction\":[{\"@type\":\"SearchAction\",\"target\":{\"@type\":\"EntryPoint\",\"urlTemplate\":\"https:\/\/peartreecanada.com\/fr\/?s={search_term_string}\"},\"query-input\":{\"@type\":\"PropertyValueSpecification\",\"valueRequired\":true,\"valueName\":\"search_term_string\"}}],\"inLanguage\":\"fr-FR\"},{\"@type\":\"Organization\",\"@id\":\"https:\/\/peartreecanada.com\/fr\/#organization\",\"name\":\"PearTree\",\"url\":\"https:\/\/peartreecanada.com\/fr\/\",\"logo\":{\"@type\":\"ImageObject\",\"inLanguage\":\"fr-FR\",\"@id\":\"https:\/\/peartreecanada.com\/fr\/#\/schema\/logo\/image\/\",\"url\":\"https:\/\/peartreecanada.com\/wp-content\/uploads\/2023\/01\/pear-tree-logo.png\",\"contentUrl\":\"https:\/\/peartreecanada.com\/wp-content\/uploads\/2023\/01\/pear-tree-logo.png\",\"width\":\"1301\",\"height\":\"267\",\"caption\":\"PearTree\"},\"image\":{\"@id\":\"https:\/\/peartreecanada.com\/fr\/#\/schema\/logo\/image\/\"}}]}<\/script>\n<!-- \/ Yoast SEO plugin. -->","yoast_head_json":{"title":"Politique de confidentialit\u00e9 | PearTree Canada","description":"PearTree Canada respects your privacy as a user of our website. See what personal information we collect, how we use that information, & our legal basis for doing so.","robots":{"index":"index","follow":"follow","max-snippet":"max-snippet:-1","max-image-preview":"max-image-preview:large","max-video-preview":"max-video-preview:-1"},"canonical":"https:\/\/peartreecanada.com\/fr\/politique-de-confidentialite\/","og_locale":"fr_FR","og_type":"article","og_title":"Politique de confidentialit\u00e9 | PearTree Canada","og_description":"PearTree Canada respects your privacy as a user of our website. See what personal information we collect, how we use that information, & our legal basis for doing so.","og_url":"https:\/\/peartreecanada.com\/fr\/politique-de-confidentialite\/","og_site_name":"PearTree","article_modified_time":"2024-12-06T20:49:44+00:00","twitter_card":"summary_large_image","schema":{"@context":"https:\/\/schema.org","@graph":[{"@type":"WebPage","@id":"https:\/\/peartreecanada.com\/fr\/politique-de-confidentialite\/","url":"https:\/\/peartreecanada.com\/fr\/politique-de-confidentialite\/","name":"Politique de confidentialit\u00e9 | PearTree Canada","isPartOf":{"@id":"https:\/\/peartreecanada.com\/fr\/#website"},"datePublished":"2022-08-24T22:12:07+00:00","dateModified":"2024-12-06T20:49:44+00:00","description":"PearTree Canada respects your privacy as a user of our website. See what personal information we collect, how we use that information, & our legal basis for doing so.","breadcrumb":{"@id":"https:\/\/peartreecanada.com\/fr\/politique-de-confidentialite\/#breadcrumb"},"inLanguage":"fr-FR","potentialAction":[{"@type":"ReadAction","target":["https:\/\/peartreecanada.com\/fr\/politique-de-confidentialite\/"]}]},{"@type":"BreadcrumbList","@id":"https:\/\/peartreecanada.com\/fr\/politique-de-confidentialite\/#breadcrumb","itemListElement":[{"@type":"ListItem","position":1,"name":"Home","item":"https:\/\/peartreecanada.com\/fr\/"},{"@type":"ListItem","position":2,"name":"Politique de confidentialit\u00e9"}]},{"@type":"WebSite","@id":"https:\/\/peartreecanada.com\/fr\/#website","url":"https:\/\/peartreecanada.com\/fr\/","name":"PearTree","description":"","publisher":{"@id":"https:\/\/peartreecanada.com\/fr\/#organization"},"potentialAction":[{"@type":"SearchAction","target":{"@type":"EntryPoint","urlTemplate":"https:\/\/peartreecanada.com\/fr\/?s={search_term_string}"},"query-input":{"@type":"PropertyValueSpecification","valueRequired":true,"valueName":"search_term_string"}}],"inLanguage":"fr-FR"},{"@type":"Organization","@id":"https:\/\/peartreecanada.com\/fr\/#organization","name":"PearTree","url":"https:\/\/peartreecanada.com\/fr\/","logo":{"@type":"ImageObject","inLanguage":"fr-FR","@id":"https:\/\/peartreecanada.com\/fr\/#\/schema\/logo\/image\/","url":"https:\/\/peartreecanada.com\/wp-content\/uploads\/2023\/01\/pear-tree-logo.png","contentUrl":"https:\/\/peartreecanada.com\/wp-content\/uploads\/2023\/01\/pear-tree-logo.png","width":"1301","height":"267","caption":"PearTree"},"image":{"@id":"https:\/\/peartreecanada.com\/fr\/#\/schema\/logo\/image\/"}}]}},"_links":{"self":[{"href":"https:\/\/peartreecanada.com\/fr\/wp-json\/wp\/v2\/pages\/13736","targetHints":{"allow":["GET"]}}],"collection":[{"href":"https:\/\/peartreecanada.com\/fr\/wp-json\/wp\/v2\/pages"}],"about":[{"href":"https:\/\/peartreecanada.com\/fr\/wp-json\/wp\/v2\/types\/page"}],"author":[{"embeddable":true,"href":"https:\/\/peartreecanada.com\/fr\/wp-json\/wp\/v2\/users\/1"}],"replies":[{"embeddable":true,"href":"https:\/\/peartreecanada.com\/fr\/wp-json\/wp\/v2\/comments?post=13736"}],"version-history":[{"count":24,"href":"https:\/\/peartreecanada.com\/fr\/wp-json\/wp\/v2\/pages\/13736\/revisions"}],"predecessor-version":[{"id":15732,"href":"https:\/\/peartreecanada.com\/fr\/wp-json\/wp\/v2\/pages\/13736\/revisions\/15732"}],"wp:attachment":[{"href":"https:\/\/peartreecanada.com\/fr\/wp-json\/wp\/v2\/media?parent=13736"}],"curies":[{"name":"wp","href":"https:\/\/api.w.org\/{rel}","templated":true}]}}