{"id":13603,"date":"2022-09-07T13:02:11","date_gmt":"2022-09-07T20:02:11","guid":{"rendered":"https:\/\/peartreecanada.com\/our-story\/"},"modified":"2025-12-12T14:23:58","modified_gmt":"2025-12-12T22:23:58","slug":"histoire","status":"publish","type":"page","link":"https:\/\/peartreecanada.com\/fr\/histoire\/","title":{"rendered":"Histoire"},"content":{"rendered":"\n<div class=\"page-hero alignfull\" id=\"block_e2ec2b27ac6ba0e6a2ac9769d2441668\" style=\"background-image: url('https:\/\/peartreecanada.com\/wp-content\/uploads\/2022\/09\/philanthropy-hero-scaled.jpg');\"\n\t\t>\n\t<div class=\"container\">\n\t\t<div class=\"page-hero-inner\" data-animation>\n\t\t\t\n\t\t\t\t\t\t<h1>Qui Nous Sommes<\/h1>\n\t\t\t\n\t\t\t\t\t\t<p>Voici l\u2019innovation de PearTree: nous avons cr\u00e9\u00e9 une plateforme de financement au service de deux secteurs distincts qui permet de r\u00e9duire les co\u00fbts associ\u00e9s aux dons philanthropiques et \u00e0 l\u2019exploration des ressources naturelles. Notre concept stimule l\u2019action philanthropique et facilite l\u2019acc\u00e8s au capital de risque \u00e0 dilution limit\u00e9e.<\/p>\n\t\t\t\n\t\t\t\t\t\t\t\t<\/div>\n\t<\/div>\n<\/div>\n\n\n\n<div class=\"content-graphic alignfull\" id=\"block_13eaf4dd5d41ed1a4cfb6a1cabe0d8c9\">\n\t<div class=\"container\">\n\t\t<div class=\"content-graphic-inner\" data-align=\"middle\">\n\t\t\t<div class=\"content-graphic-inner-graphic\" data-size=\"large\">\n\t\t\t\t<svg width=\"521\" height=\"521\" viewBox=\"0 0 521 521\" fill=\"none\" xmlns=\"http:\/\/www.w3.org\/2000\/svg\">\n<path d=\"M-0.00090776 520.471C69.0178 520.471 135.21 493.053 184.013 444.249C232.817 395.446 260.234 329.254 260.234 260.235C260.234 191.217 232.817 125.025 184.013 76.2212C135.21 27.4176 69.0178 2.06319e-06 -0.000854492 -1.13752e-05L-0.000896385 260.235L-0.00090776 520.471Z\" fill=\"#DFAB6D\"\/>\n<path d=\"M260.235 520.471C329.254 520.471 395.446 493.053 444.25 444.249C493.053 395.446 520.471 329.254 520.471 260.235C520.471 191.217 493.053 125.025 444.25 76.2212C395.446 27.4176 329.254 2.06319e-06 260.235 -1.13752e-05L260.235 260.235L260.235 520.471Z\" fill=\"#DFAB6D\"\/>\n<\/svg>\n\t\t\t<\/div>\n\t\t\t<div class=\"content-graphic-inner-content\">\n\t\t\t\t<h2>Ce que nous faisons<\/h2>\n<p>Nos prouesses financi\u00e8res maximisent l&rsquo;impact caritatif tout en fournissant une nouvelle source de valeur pour les investisseurs strat\u00e9giques et en \u00e9largissant l&rsquo;univers du capital d&rsquo;exploration pour l&rsquo;exploration et le d\u00e9veloppement des ressources canadiennes \u00e0 dilution r\u00e9duite des actions.<\/p>\n\t\t\t<\/div>\n\t\t<\/div>\n\t<\/div>\n<\/div>\n\n\n\n<div class=\"content-with-image alignfull\" id=\"block_df31c9a50e4b4a7ff41fbca598c30783\">\n\t<div class=\"container\">\n\t\t<div class=\"content-with-image-inner\" data-content-position=\"right\" data-content-background=\"white\" data-animation>\n\t\t\t<div class=\"content-with-image-inner-image wait-lazy-bg\" style=\"background-image: url('https:\/\/peartreecanada.com\/wp-content\/uploads\/2022\/09\/contact-img-scaled.jpg');\"><\/div>\n\t\t\t<div class=\"content-with-image-inner-content\" data-animation>\n\t\t\t\t\t\t\t\t<h2>Notre \u00e9quipe<\/h2>\n\t\t\t\t\n\t\t\t\t\t\t\t\t<p>PearTree Canada est fi\u00e8re de r\u00e9unir des professionnels parmi les plus comp\u00e9tents des domaines de la bienfaisance et du d\u00e9veloppement des ressources naturelles.<\/p>\n\t\t\t\t\n\t\t\t\t\t\t\t\t\t\t\t\t<a href=\"https:\/\/peartreecanada.com\/fr\/histoire\/equipe\/\" target=\"_self\">\n\t\t\t\t\tRencontrer notre \u00e9quipe\t\t\t\t<\/a>\n\t\t\t\t\t\t\t<\/div>\n\t\t<\/div>\n\t<\/div>\n<\/div>\n\n\n\n<div class=\"content-with-background alignfull\"\n  id=\"block_c7b30b0ce4d265b50f6adb24edbf181c\"\n  style=\"background-image: url('https:\/\/peartreecanada.com\/wp-content\/uploads\/2022\/08\/home-content-1.jpg');\">\n  <div class=\"container\">\n    <div class=\"content-with-background-inner wait-lazy-bg\" data-color-scheme=\"light\"\n      data-animation>\n      <div class=\"content-with-background-inner-inner\">\n        <div class=\"content-with-background-inner-content\">\n                              <img decoding=\"async\" src=\"https:\/\/peartreecanada.com\/wp-content\/uploads\/2025\/03\/PRISM_CertifiedLogo__FR-4C.png\" alt=\"\"\n            loading=\"lazy\">\n          \n                    <h2>Imagine Canada<\/h2>\n          \n                    <p>Les Entreprises g\u00e9n\u00e9reuses d\u2019Imagine Canada s\u2019engagent \u00e0 utiliser au moins 1 % de leur b\u00e9n\u00e9fice avant imp\u00f4t pour soutenir leurs communaut\u00e9s. Votre investissement communautaire de 1% peut provenir de quatre sources : les dons en esp\u00e8ces ou en nature, le b\u00e9n\u00e9volat r\u00e9mun\u00e9r\u00e9 et les co\u00fbts de gestion.<\/p>\n          \n                            <\/div>\n      <\/div>\n    <\/div>\n  <\/div>\n<\/div>","protected":false},"excerpt":{"rendered":"","protected":false},"author":2,"featured_media":0,"parent":0,"menu_order":0,"comment_status":"closed","ping_status":"closed","template":"page-empty.php","meta":{"_acf_changed":false,"footnotes":""},"class_list":["post-13603","page","type-page","status-publish","hentry"],"acf":[],"yoast_head":"<!-- This site is optimized with the Yoast SEO plugin v27.4 - https:\/\/yoast.com\/product\/yoast-seo-wordpress\/ -->\n<title>PearTree | Finance Innovante, G\u00e9n\u00e9rosit\u00e9 Amplifi\u00e9e | Histoire<\/title>\n<meta name=\"description\" content=\"PearTree a pour mission d&#039;amplifier les activit\u00e9s philanthropiques et de cr\u00e9er des emplois dans le Nord canadien gr\u00e2ce \u00e0 l&#039;expansion de l&#039;exploration des ressources et des investissements.\" \/>\n<meta name=\"robots\" content=\"index, follow, max-snippet:-1, max-image-preview:large, max-video-preview:-1\" \/>\n<link rel=\"canonical\" href=\"https:\/\/peartreecanada.com\/fr\/histoire\/\" \/>\n<meta property=\"og:locale\" content=\"fr_FR\" \/>\n<meta property=\"og:type\" content=\"article\" \/>\n<meta property=\"og:title\" content=\"PearTree | Finance Innovante, G\u00e9n\u00e9rosit\u00e9 Amplifi\u00e9e | Histoire\" \/>\n<meta property=\"og:description\" content=\"PearTree a pour mission d&#039;amplifier les activit\u00e9s philanthropiques et de cr\u00e9er des emplois dans le Nord canadien gr\u00e2ce \u00e0 l&#039;expansion de l&#039;exploration des ressources et des investissements.\" \/>\n<meta property=\"og:url\" content=\"https:\/\/peartreecanada.com\/fr\/histoire\/\" \/>\n<meta property=\"og:site_name\" content=\"PearTree\" \/>\n<meta property=\"article:modified_time\" content=\"2025-12-12T22:23:58+00:00\" \/>\n<meta name=\"twitter:card\" content=\"summary_large_image\" \/>\n<script type=\"application\/ld+json\" class=\"yoast-schema-graph\">{\"@context\":\"https:\\\/\\\/schema.org\",\"@graph\":[{\"@type\":\"WebPage\",\"@id\":\"https:\\\/\\\/peartreecanada.com\\\/fr\\\/histoire\\\/\",\"url\":\"https:\\\/\\\/peartreecanada.com\\\/fr\\\/histoire\\\/\",\"name\":\"PearTree | Finance Innovante, G\u00e9n\u00e9rosit\u00e9 Amplifi\u00e9e | Histoire\",\"isPartOf\":{\"@id\":\"https:\\\/\\\/peartreecanada.com\\\/fr\\\/#website\"},\"datePublished\":\"2022-09-07T20:02:11+00:00\",\"dateModified\":\"2025-12-12T22:23:58+00:00\",\"description\":\"PearTree a pour mission d'amplifier les activit\u00e9s philanthropiques et de cr\u00e9er des emplois dans le Nord canadien gr\u00e2ce \u00e0 l'expansion de l'exploration des ressources et des investissements.\",\"breadcrumb\":{\"@id\":\"https:\\\/\\\/peartreecanada.com\\\/fr\\\/histoire\\\/#breadcrumb\"},\"inLanguage\":\"fr-FR\",\"potentialAction\":[{\"@type\":\"ReadAction\",\"target\":[\"https:\\\/\\\/peartreecanada.com\\\/fr\\\/histoire\\\/\"]}]},{\"@type\":\"BreadcrumbList\",\"@id\":\"https:\\\/\\\/peartreecanada.com\\\/fr\\\/histoire\\\/#breadcrumb\",\"itemListElement\":[{\"@type\":\"ListItem\",\"position\":1,\"name\":\"Home\",\"item\":\"https:\\\/\\\/peartreecanada.com\\\/fr\\\/\"},{\"@type\":\"ListItem\",\"position\":2,\"name\":\"Histoire\"}]},{\"@type\":\"WebSite\",\"@id\":\"https:\\\/\\\/peartreecanada.com\\\/fr\\\/#website\",\"url\":\"https:\\\/\\\/peartreecanada.com\\\/fr\\\/\",\"name\":\"PearTree\",\"description\":\"\",\"publisher\":{\"@id\":\"https:\\\/\\\/peartreecanada.com\\\/fr\\\/#organization\"},\"potentialAction\":[{\"@type\":\"SearchAction\",\"target\":{\"@type\":\"EntryPoint\",\"urlTemplate\":\"https:\\\/\\\/peartreecanada.com\\\/fr\\\/?s={search_term_string}\"},\"query-input\":{\"@type\":\"PropertyValueSpecification\",\"valueRequired\":true,\"valueName\":\"search_term_string\"}}],\"inLanguage\":\"fr-FR\"},{\"@type\":\"Organization\",\"@id\":\"https:\\\/\\\/peartreecanada.com\\\/fr\\\/#organization\",\"name\":\"PearTree\",\"url\":\"https:\\\/\\\/peartreecanada.com\\\/fr\\\/\",\"logo\":{\"@type\":\"ImageObject\",\"inLanguage\":\"fr-FR\",\"@id\":\"https:\\\/\\\/peartreecanada.com\\\/fr\\\/#\\\/schema\\\/logo\\\/image\\\/\",\"url\":\"https:\\\/\\\/peartreecanada.com\\\/wp-content\\\/uploads\\\/2023\\\/01\\\/pear-tree-logo.png\",\"contentUrl\":\"https:\\\/\\\/peartreecanada.com\\\/wp-content\\\/uploads\\\/2023\\\/01\\\/pear-tree-logo.png\",\"width\":\"1301\",\"height\":\"267\",\"caption\":\"PearTree\"},\"image\":{\"@id\":\"https:\\\/\\\/peartreecanada.com\\\/fr\\\/#\\\/schema\\\/logo\\\/image\\\/\"}}]}<\/script>\n<!-- \/ Yoast SEO plugin. -->","yoast_head_json":{"title":"PearTree | Finance Innovante, G\u00e9n\u00e9rosit\u00e9 Amplifi\u00e9e | Histoire","description":"PearTree a pour mission d'amplifier les activit\u00e9s philanthropiques et de cr\u00e9er des emplois dans le Nord canadien gr\u00e2ce \u00e0 l'expansion de l'exploration des ressources et des investissements.","robots":{"index":"index","follow":"follow","max-snippet":"max-snippet:-1","max-image-preview":"max-image-preview:large","max-video-preview":"max-video-preview:-1"},"canonical":"https:\/\/peartreecanada.com\/fr\/histoire\/","og_locale":"fr_FR","og_type":"article","og_title":"PearTree | Finance Innovante, G\u00e9n\u00e9rosit\u00e9 Amplifi\u00e9e | Histoire","og_description":"PearTree a pour mission d'amplifier les activit\u00e9s philanthropiques et de cr\u00e9er des emplois dans le Nord canadien gr\u00e2ce \u00e0 l'expansion de l'exploration des ressources et des investissements.","og_url":"https:\/\/peartreecanada.com\/fr\/histoire\/","og_site_name":"PearTree","article_modified_time":"2025-12-12T22:23:58+00:00","twitter_card":"summary_large_image","schema":{"@context":"https:\/\/schema.org","@graph":[{"@type":"WebPage","@id":"https:\/\/peartreecanada.com\/fr\/histoire\/","url":"https:\/\/peartreecanada.com\/fr\/histoire\/","name":"PearTree | Finance Innovante, G\u00e9n\u00e9rosit\u00e9 Amplifi\u00e9e | Histoire","isPartOf":{"@id":"https:\/\/peartreecanada.com\/fr\/#website"},"datePublished":"2022-09-07T20:02:11+00:00","dateModified":"2025-12-12T22:23:58+00:00","description":"PearTree a pour mission d'amplifier les activit\u00e9s philanthropiques et de cr\u00e9er des emplois dans le Nord canadien gr\u00e2ce \u00e0 l'expansion de l'exploration des ressources et des investissements.","breadcrumb":{"@id":"https:\/\/peartreecanada.com\/fr\/histoire\/#breadcrumb"},"inLanguage":"fr-FR","potentialAction":[{"@type":"ReadAction","target":["https:\/\/peartreecanada.com\/fr\/histoire\/"]}]},{"@type":"BreadcrumbList","@id":"https:\/\/peartreecanada.com\/fr\/histoire\/#breadcrumb","itemListElement":[{"@type":"ListItem","position":1,"name":"Home","item":"https:\/\/peartreecanada.com\/fr\/"},{"@type":"ListItem","position":2,"name":"Histoire"}]},{"@type":"WebSite","@id":"https:\/\/peartreecanada.com\/fr\/#website","url":"https:\/\/peartreecanada.com\/fr\/","name":"PearTree","description":"","publisher":{"@id":"https:\/\/peartreecanada.com\/fr\/#organization"},"potentialAction":[{"@type":"SearchAction","target":{"@type":"EntryPoint","urlTemplate":"https:\/\/peartreecanada.com\/fr\/?s={search_term_string}"},"query-input":{"@type":"PropertyValueSpecification","valueRequired":true,"valueName":"search_term_string"}}],"inLanguage":"fr-FR"},{"@type":"Organization","@id":"https:\/\/peartreecanada.com\/fr\/#organization","name":"PearTree","url":"https:\/\/peartreecanada.com\/fr\/","logo":{"@type":"ImageObject","inLanguage":"fr-FR","@id":"https:\/\/peartreecanada.com\/fr\/#\/schema\/logo\/image\/","url":"https:\/\/peartreecanada.com\/wp-content\/uploads\/2023\/01\/pear-tree-logo.png","contentUrl":"https:\/\/peartreecanada.com\/wp-content\/uploads\/2023\/01\/pear-tree-logo.png","width":"1301","height":"267","caption":"PearTree"},"image":{"@id":"https:\/\/peartreecanada.com\/fr\/#\/schema\/logo\/image\/"}}]}},"_links":{"self":[{"href":"https:\/\/peartreecanada.com\/fr\/wp-json\/wp\/v2\/pages\/13603","targetHints":{"allow":["GET"]}}],"collection":[{"href":"https:\/\/peartreecanada.com\/fr\/wp-json\/wp\/v2\/pages"}],"about":[{"href":"https:\/\/peartreecanada.com\/fr\/wp-json\/wp\/v2\/types\/page"}],"author":[{"embeddable":true,"href":"https:\/\/peartreecanada.com\/fr\/wp-json\/wp\/v2\/users\/2"}],"replies":[{"embeddable":true,"href":"https:\/\/peartreecanada.com\/fr\/wp-json\/wp\/v2\/comments?post=13603"}],"version-history":[{"count":14,"href":"https:\/\/peartreecanada.com\/fr\/wp-json\/wp\/v2\/pages\/13603\/revisions"}],"predecessor-version":[{"id":16331,"href":"https:\/\/peartreecanada.com\/fr\/wp-json\/wp\/v2\/pages\/13603\/revisions\/16331"}],"wp:attachment":[{"href":"https:\/\/peartreecanada.com\/fr\/wp-json\/wp\/v2\/media?parent=13603"}],"curies":[{"name":"wp","href":"https:\/\/api.w.org\/{rel}","templated":true}]}}